{"id":14603,"date":"2025-07-09T10:31:31","date_gmt":"2025-07-09T08:31:31","guid":{"rendered":"https:\/\/oew.org\/accessibilita\/"},"modified":"2025-07-09T10:43:15","modified_gmt":"2025-07-09T08:43:15","slug":"accessibilita","status":"publish","type":"page","link":"https:\/\/oew.org\/it\/accessibilita\/","title":{"rendered":"Accessibilit\u00e0"},"content":{"rendered":"\t\t<div data-elementor-type=\"wp-page\" data-elementor-id=\"14603\" class=\"elementor elementor-14603 elementor-14598\" data-elementor-post-type=\"page\">\n\t\t\t\t<div class=\"elementor-element elementor-element-4c7062b e-flex e-con-boxed e-con e-parent\" data-id=\"4c7062b\" data-element_type=\"container\" data-e-type=\"container\">\n\t\t\t\t\t<div class=\"e-con-inner\">\n\t\t<div class=\"elementor-element elementor-element-58e35c3 e-con-full e-flex e-con e-child\" data-id=\"58e35c3\" data-element_type=\"container\" data-e-type=\"container\">\n\t\t\t\t<div class=\"elementor-element elementor-element-6705a0e elementor-widget elementor-widget-heading\" data-id=\"6705a0e\" data-element_type=\"widget\" data-e-type=\"widget\" data-widget_type=\"heading.default\">\n\t\t\t\t\t<h2 class=\"elementor-heading-title elementor-size-default\">Dichiarazione di accessibilit\u00e0<\/h2>\t\t\t\t<\/div>\n\t\t\t\t<div class=\"elementor-element elementor-element-7e67588 elementor-widget elementor-widget-text-editor\" data-id=\"7e67588\" data-element_type=\"widget\" data-e-type=\"widget\" data-widget_type=\"text-editor.default\">\n\t\t\t\t\t\t\t\t\t<p>Noi di OEW ci impegniamo a rendere il nostro sito web il pi\u00f9 accessibile possibile, per garantire a tutte le persone \u2013 comprese quelle con disabilit\u00e0 \u2013 un accesso privo di barriere.<\/p>\n\t\t\t\t\t\t\t\t<\/div>\n\t\t\t\t<\/div>\n\t\t<div class=\"elementor-element elementor-element-047fee8 e-con-full e-flex e-con e-child\" data-id=\"047fee8\" data-element_type=\"container\" data-e-type=\"container\">\n\t\t\t\t<div class=\"elementor-element elementor-element-ac98888 elementor-widget elementor-widget-heading\" data-id=\"ac98888\" data-element_type=\"widget\" data-e-type=\"widget\" data-widget_type=\"heading.default\">\n\t\t\t\t\t<h2 class=\"elementor-heading-title elementor-size-default\">Standard di accessibilit\u00e0<\/h2>\t\t\t\t<\/div>\n\t\t\t\t<div class=\"elementor-element elementor-element-9212027 elementor-widget elementor-widget-text-editor\" data-id=\"9212027\" data-element_type=\"widget\" data-e-type=\"widget\" data-widget_type=\"text-editor.default\">\n\t\t\t\t\t\t\t\t\t<p>Il nostro sito si basa sulle normative europee sull\u2019accessibilit\u00e0, in particolare sul European Accessibility Act (EAA) che entrer\u00e0 in vigore il 28 giugno 2025, e sulle Linee guida WCAG 2.1 a livello AA.<\/p>\n\t\t\t\t\t\t\t\t<\/div>\n\t\t\t\t<\/div>\n\t\t<div class=\"elementor-element elementor-element-8745f42 e-con-full e-flex e-con e-child\" data-id=\"8745f42\" data-element_type=\"container\" data-e-type=\"container\">\n\t\t\t\t<div class=\"elementor-element elementor-element-6b49481 elementor-widget elementor-widget-heading\" data-id=\"6b49481\" data-element_type=\"widget\" data-e-type=\"widget\" data-widget_type=\"heading.default\">\n\t\t\t\t\t<h2 class=\"elementor-heading-title elementor-size-default\">Misure implementate<\/h2>\t\t\t\t<\/div>\n\t\t\t\t<div class=\"elementor-element elementor-element-e3ac141 elementor-widget elementor-widget-text-editor\" data-id=\"e3ac141\" data-element_type=\"widget\" data-e-type=\"widget\" data-widget_type=\"text-editor.default\">\n\t\t\t\t\t\t\t\t\t<ul>\n<li>Navigazione tramite tastiera possibile<\/li>\n<li>Testi alternativi per le immagini forniti<\/li>\n<li>Struttura di titoli (H1, H2, \u2026) utilizzata correttamente<\/li>\n<li>Regolazione dei colori e del contrasto tramite widget di accessibilit\u00e0<\/li>\n<li>Testi chiari e comprensibili, link e pulsanti facilmente riconoscibili<\/li>\n<\/ul>\n\t\t\t\t\t\t\t\t<\/div>\n\t\t\t\t<\/div>\n\t\t<div class=\"elementor-element elementor-element-f2c7e76 e-con-full e-flex e-con e-child\" data-id=\"f2c7e76\" data-element_type=\"container\" data-e-type=\"container\">\n\t\t\t\t<div class=\"elementor-element elementor-element-b07552e elementor-widget elementor-widget-heading\" data-id=\"b07552e\" data-element_type=\"widget\" data-e-type=\"widget\" data-widget_type=\"heading.default\">\n\t\t\t\t\t<h2 class=\"elementor-heading-title elementor-size-default\">Contenuti non accessibili<\/h2>\t\t\t\t<\/div>\n\t\t\t\t<div class=\"elementor-element elementor-element-ebc7495 elementor-widget elementor-widget-text-editor\" data-id=\"ebc7495\" data-element_type=\"widget\" data-e-type=\"widget\" data-widget_type=\"text-editor.default\">\n\t\t\t\t\t\t\t\t\t<p>Nonostante i nostri sforzi, alcune aree potrebbero non essere ancora completamente accessibili. Lavoriamo costantemente per migliorare il sito.<\/p>\n\t\t\t\t\t\t\t\t<\/div>\n\t\t\t\t<\/div>\n\t\t<div class=\"elementor-element elementor-element-0f226c0 e-con-full e-flex e-con e-child\" data-id=\"0f226c0\" data-element_type=\"container\" data-e-type=\"container\">\n\t\t\t\t<div class=\"elementor-element elementor-element-cedbe07 elementor-widget elementor-widget-heading\" data-id=\"cedbe07\" data-element_type=\"widget\" data-e-type=\"widget\" data-widget_type=\"heading.default\">\n\t\t\t\t\t<h2 class=\"elementor-heading-title elementor-size-default\">Feedback e contatti<\/h2>\t\t\t\t<\/div>\n\t\t\t\t<div class=\"elementor-element elementor-element-68f4515 elementor-widget elementor-widget-text-editor\" data-id=\"68f4515\" data-element_type=\"widget\" data-e-type=\"widget\" data-widget_type=\"text-editor.default\">\n\t\t\t\t\t\t\t\t\t<p>Se riscontri problemi nell\u2019utilizzo del nostro sito o hai domande sull\u2019accessibilit\u00e0, ti preghiamo di contattarci:<\/p>\n<p>OEW \u2013 Organizzazione per Un mondo solidale EO<br \/>E-Mail:\u00a0<a href=\"mailto:info@oew.org\">info@oew.org<\/a><\/p>\n<p><strong>Data dell\u2019ultima revisione:<\/strong>\u00a024\/06\/2025<\/p>\n\t\t\t\t\t\t\t\t<\/div>\n\t\t\t\t<\/div>\n\t\t\t\t\t<\/div>\n\t\t\t\t<\/div>\n\t\t\t\t<\/div>\n\t\t","protected":false},"excerpt":{"rendered":"<p>Dichiarazione di accessibilit\u00e0 Noi di OEW ci impegniamo a rendere il nostro sito web il pi\u00f9 accessibile possibile, per garantire a tutte le persone \u2013 comprese quelle con disabilit\u00e0 \u2013 un accesso privo di barriere. Standard di accessibilit\u00e0 Il nostro sito si basa sulle normative europee sull\u2019accessibilit\u00e0, in particolare sul European Accessibility Act (EAA) che [&hellip;]<\/p>\n","protected":false},"author":1,"featured_media":6377,"parent":0,"menu_order":0,"comment_status":"closed","ping_status":"closed","template":"","meta":{"_acf_changed":false,"footnotes":"","_links_to":"","_links_to_target":""},"class_list":["post-14603","page","type-page","status-publish","has-post-thumbnail","hentry"],"acf":[],"yoast_head":"<!-- This site is optimized with the Yoast SEO plugin v27.2 - https:\/\/yoast.com\/product\/yoast-seo-wordpress\/ -->\n<title>Accessibilit\u00e0 - OEW<\/title>\n<meta name=\"robots\" content=\"index, follow, max-snippet:-1, max-image-preview:large, max-video-preview:-1\" \/>\n<link rel=\"canonical\" href=\"https:\/\/oew.org\/it\/accessibilita\/\" \/>\n<meta property=\"og:locale\" content=\"it_IT\" \/>\n<meta property=\"og:type\" content=\"article\" \/>\n<meta property=\"og:title\" content=\"Accessibilit\u00e0 - OEW\" \/>\n<meta property=\"og:description\" content=\"Dichiarazione di accessibilit\u00e0 Noi di OEW ci impegniamo a rendere il nostro sito web il pi\u00f9 accessibile possibile, per garantire a tutte le persone \u2013 comprese quelle con disabilit\u00e0 \u2013 un accesso privo di barriere. Standard di accessibilit\u00e0 Il nostro sito si basa sulle normative europee sull\u2019accessibilit\u00e0, in particolare sul European Accessibility Act (EAA) che [&hellip;]\" \/>\n<meta property=\"og:url\" content=\"https:\/\/oew.org\/it\/accessibilita\/\" \/>\n<meta property=\"og:site_name\" content=\"OEW\" \/>\n<meta property=\"article:modified_time\" content=\"2025-07-09T08:43:15+00:00\" \/>\n<meta property=\"og:image\" content=\"https:\/\/oew.org\/wp-content\/uploads\/2022\/07\/oew_header_1.jpg\" \/>\n\t<meta property=\"og:image:width\" content=\"1920\" \/>\n\t<meta property=\"og:image:height\" content=\"1241\" \/>\n\t<meta property=\"og:image:type\" content=\"image\/jpeg\" \/>\n<meta name=\"twitter:card\" content=\"summary_large_image\" \/>\n<meta name=\"twitter:label1\" content=\"Tempo di lettura stimato\" \/>\n\t<meta name=\"twitter:data1\" content=\"1 minuto\" \/>\n<script type=\"application\/ld+json\" class=\"yoast-schema-graph\">{\"@context\":\"https:\/\/schema.org\",\"@graph\":[{\"@type\":\"WebPage\",\"@id\":\"https:\/\/oew.org\/it\/accessibilita\/\",\"url\":\"https:\/\/oew.org\/it\/accessibilita\/\",\"name\":\"Accessibilit\u00e0 - OEW\",\"isPartOf\":{\"@id\":\"https:\/\/oew.org\/it\/#website\"},\"primaryImageOfPage\":{\"@id\":\"https:\/\/oew.org\/it\/accessibilita\/#primaryimage\"},\"image\":{\"@id\":\"https:\/\/oew.org\/it\/accessibilita\/#primaryimage\"},\"thumbnailUrl\":\"https:\/\/oew.org\/wp-content\/uploads\/2022\/07\/oew_header_1.jpg\",\"datePublished\":\"2025-07-09T08:31:31+00:00\",\"dateModified\":\"2025-07-09T08:43:15+00:00\",\"breadcrumb\":{\"@id\":\"https:\/\/oew.org\/it\/accessibilita\/#breadcrumb\"},\"inLanguage\":\"it-IT\",\"potentialAction\":[{\"@type\":\"ReadAction\",\"target\":[\"https:\/\/oew.org\/it\/accessibilita\/\"]}]},{\"@type\":\"ImageObject\",\"inLanguage\":\"it-IT\",\"@id\":\"https:\/\/oew.org\/it\/accessibilita\/#primaryimage\",\"url\":\"https:\/\/oew.org\/wp-content\/uploads\/2022\/07\/oew_header_1.jpg\",\"contentUrl\":\"https:\/\/oew.org\/wp-content\/uploads\/2022\/07\/oew_header_1.jpg\",\"width\":1920,\"height\":1241},{\"@type\":\"BreadcrumbList\",\"@id\":\"https:\/\/oew.org\/it\/accessibilita\/#breadcrumb\",\"itemListElement\":[{\"@type\":\"ListItem\",\"position\":1,\"name\":\"Home\",\"item\":\"https:\/\/oew.org\/it\/\"},{\"@type\":\"ListItem\",\"position\":2,\"name\":\"Accessibilit\u00e0\"}]},{\"@type\":\"WebSite\",\"@id\":\"https:\/\/oew.org\/it\/#website\",\"url\":\"https:\/\/oew.org\/it\/\",\"name\":\"OEW\",\"description\":\"Organisation f\u00fcr Eine solidarische Welt\",\"publisher\":{\"@id\":\"https:\/\/oew.org\/it\/#organization\"},\"potentialAction\":[{\"@type\":\"SearchAction\",\"target\":{\"@type\":\"EntryPoint\",\"urlTemplate\":\"https:\/\/oew.org\/it\/?s={search_term_string}\"},\"query-input\":{\"@type\":\"PropertyValueSpecification\",\"valueRequired\":true,\"valueName\":\"search_term_string\"}}],\"inLanguage\":\"it-IT\"},{\"@type\":\"Organization\",\"@id\":\"https:\/\/oew.org\/it\/#organization\",\"name\":\"OEW\",\"url\":\"https:\/\/oew.org\/it\/\",\"logo\":{\"@type\":\"ImageObject\",\"inLanguage\":\"it-IT\",\"@id\":\"https:\/\/oew.org\/it\/#\/schema\/logo\/image\/\",\"url\":\"https:\/\/oew.org\/wp-content\/uploads\/2022\/07\/Logo-OEW-frei.jpg\",\"contentUrl\":\"https:\/\/oew.org\/wp-content\/uploads\/2022\/07\/Logo-OEW-frei.jpg\",\"width\":780,\"height\":248,\"caption\":\"OEW\"},\"image\":{\"@id\":\"https:\/\/oew.org\/it\/#\/schema\/logo\/image\/\"}}]}<\/script>\n<!-- \/ Yoast SEO plugin. -->","yoast_head_json":{"title":"Accessibilit\u00e0 - OEW","robots":{"index":"index","follow":"follow","max-snippet":"max-snippet:-1","max-image-preview":"max-image-preview:large","max-video-preview":"max-video-preview:-1"},"canonical":"https:\/\/oew.org\/it\/accessibilita\/","og_locale":"it_IT","og_type":"article","og_title":"Accessibilit\u00e0 - OEW","og_description":"Dichiarazione di accessibilit\u00e0 Noi di OEW ci impegniamo a rendere il nostro sito web il pi\u00f9 accessibile possibile, per garantire a tutte le persone \u2013 comprese quelle con disabilit\u00e0 \u2013 un accesso privo di barriere. Standard di accessibilit\u00e0 Il nostro sito si basa sulle normative europee sull\u2019accessibilit\u00e0, in particolare sul European Accessibility Act (EAA) che [&hellip;]","og_url":"https:\/\/oew.org\/it\/accessibilita\/","og_site_name":"OEW","article_modified_time":"2025-07-09T08:43:15+00:00","og_image":[{"width":1920,"height":1241,"url":"https:\/\/oew.org\/wp-content\/uploads\/2022\/07\/oew_header_1.jpg","type":"image\/jpeg"}],"twitter_card":"summary_large_image","twitter_misc":{"Tempo di lettura stimato":"1 minuto"},"schema":{"@context":"https:\/\/schema.org","@graph":[{"@type":"WebPage","@id":"https:\/\/oew.org\/it\/accessibilita\/","url":"https:\/\/oew.org\/it\/accessibilita\/","name":"Accessibilit\u00e0 - OEW","isPartOf":{"@id":"https:\/\/oew.org\/it\/#website"},"primaryImageOfPage":{"@id":"https:\/\/oew.org\/it\/accessibilita\/#primaryimage"},"image":{"@id":"https:\/\/oew.org\/it\/accessibilita\/#primaryimage"},"thumbnailUrl":"https:\/\/oew.org\/wp-content\/uploads\/2022\/07\/oew_header_1.jpg","datePublished":"2025-07-09T08:31:31+00:00","dateModified":"2025-07-09T08:43:15+00:00","breadcrumb":{"@id":"https:\/\/oew.org\/it\/accessibilita\/#breadcrumb"},"inLanguage":"it-IT","potentialAction":[{"@type":"ReadAction","target":["https:\/\/oew.org\/it\/accessibilita\/"]}]},{"@type":"ImageObject","inLanguage":"it-IT","@id":"https:\/\/oew.org\/it\/accessibilita\/#primaryimage","url":"https:\/\/oew.org\/wp-content\/uploads\/2022\/07\/oew_header_1.jpg","contentUrl":"https:\/\/oew.org\/wp-content\/uploads\/2022\/07\/oew_header_1.jpg","width":1920,"height":1241},{"@type":"BreadcrumbList","@id":"https:\/\/oew.org\/it\/accessibilita\/#breadcrumb","itemListElement":[{"@type":"ListItem","position":1,"name":"Home","item":"https:\/\/oew.org\/it\/"},{"@type":"ListItem","position":2,"name":"Accessibilit\u00e0"}]},{"@type":"WebSite","@id":"https:\/\/oew.org\/it\/#website","url":"https:\/\/oew.org\/it\/","name":"OEW","description":"Organisation f\u00fcr Eine solidarische Welt","publisher":{"@id":"https:\/\/oew.org\/it\/#organization"},"potentialAction":[{"@type":"SearchAction","target":{"@type":"EntryPoint","urlTemplate":"https:\/\/oew.org\/it\/?s={search_term_string}"},"query-input":{"@type":"PropertyValueSpecification","valueRequired":true,"valueName":"search_term_string"}}],"inLanguage":"it-IT"},{"@type":"Organization","@id":"https:\/\/oew.org\/it\/#organization","name":"OEW","url":"https:\/\/oew.org\/it\/","logo":{"@type":"ImageObject","inLanguage":"it-IT","@id":"https:\/\/oew.org\/it\/#\/schema\/logo\/image\/","url":"https:\/\/oew.org\/wp-content\/uploads\/2022\/07\/Logo-OEW-frei.jpg","contentUrl":"https:\/\/oew.org\/wp-content\/uploads\/2022\/07\/Logo-OEW-frei.jpg","width":780,"height":248,"caption":"OEW"},"image":{"@id":"https:\/\/oew.org\/it\/#\/schema\/logo\/image\/"}}]}},"_links":{"self":[{"href":"https:\/\/oew.org\/it\/wp-json\/wp\/v2\/pages\/14603","targetHints":{"allow":["GET"]}}],"collection":[{"href":"https:\/\/oew.org\/it\/wp-json\/wp\/v2\/pages"}],"about":[{"href":"https:\/\/oew.org\/it\/wp-json\/wp\/v2\/types\/page"}],"author":[{"embeddable":true,"href":"https:\/\/oew.org\/it\/wp-json\/wp\/v2\/users\/1"}],"replies":[{"embeddable":true,"href":"https:\/\/oew.org\/it\/wp-json\/wp\/v2\/comments?post=14603"}],"version-history":[{"count":2,"href":"https:\/\/oew.org\/it\/wp-json\/wp\/v2\/pages\/14603\/revisions"}],"predecessor-version":[{"id":14608,"href":"https:\/\/oew.org\/it\/wp-json\/wp\/v2\/pages\/14603\/revisions\/14608"}],"wp:featuredmedia":[{"embeddable":true,"href":"https:\/\/oew.org\/it\/wp-json\/wp\/v2\/media\/6377"}],"wp:attachment":[{"href":"https:\/\/oew.org\/it\/wp-json\/wp\/v2\/media?parent=14603"}],"curies":[{"name":"wp","href":"https:\/\/api.w.org\/{rel}","templated":true}]}}