{"id":7169,"date":"2022-08-18T15:45:55","date_gmt":"2022-08-18T13:45:55","guid":{"rendered":"https:\/\/oew.org\/giornale-di-strada-zebra\/progetto-sociale\/"},"modified":"2024-11-29T10:25:47","modified_gmt":"2024-11-29T09:25:47","slug":"progetto-sociale","status":"publish","type":"page","link":"https:\/\/oew.org\/it\/zebra\/progetto-sociale\/","title":{"rendered":"Progetto sociale"},"content":{"rendered":"\t\t<div data-elementor-type=\"wp-page\" data-elementor-id=\"7169\" class=\"elementor elementor-7169 elementor-2979\" data-elementor-post-type=\"page\">\n\t\t\t\t\t\t<section class=\"elementor-section elementor-top-section elementor-element elementor-element-2588a022 elementor-section-boxed elementor-section-height-default elementor-section-height-default\" data-id=\"2588a022\" data-element_type=\"section\" data-e-type=\"section\" data-settings=\"{&quot;background_background&quot;:&quot;classic&quot;}\">\n\t\t\t\t\t\t<div class=\"elementor-container elementor-column-gap-default\">\n\t\t\t\t\t<div class=\"elementor-column elementor-col-100 elementor-top-column elementor-element elementor-element-17d43f7e\" data-id=\"17d43f7e\" data-element_type=\"column\" data-e-type=\"column\">\n\t\t\t<div class=\"elementor-widget-wrap elementor-element-populated\">\n\t\t\t\t\t\t<div class=\"elementor-element elementor-element-547c05cb elementor-widget elementor-widget-text-editor\" data-id=\"547c05cb\" data-element_type=\"widget\" data-e-type=\"widget\" data-widget_type=\"text-editor.default\">\n\t\t\t\t\t\t\t\t\tzebra. \u00e8 un progetto editoriale e sociale che sostiene le persone ai margini della societ\u00e0. Contemporaneamente intende stimolare la popolazione altoatesina a pensare e ad agire in modo consapevole e comunitario. \t\t\t\t\t\t\t\t<\/div>\n\t\t\t\t\t<\/div>\n\t\t<\/div>\n\t\t\t\t\t<\/div>\n\t\t<\/section>\n\t\t\t\t<section class=\"elementor-section elementor-top-section elementor-element elementor-element-3cc8502 elementor-section-boxed elementor-section-height-default elementor-section-height-default\" data-id=\"3cc8502\" data-element_type=\"section\" data-e-type=\"section\">\n\t\t\t\t\t\t<div class=\"elementor-container elementor-column-gap-default\">\n\t\t\t\t\t<div class=\"elementor-column elementor-col-50 elementor-top-column elementor-element elementor-element-2ffadca\" data-id=\"2ffadca\" data-element_type=\"column\" data-e-type=\"column\" data-settings=\"{&quot;background_background&quot;:&quot;classic&quot;}\">\n\t\t\t<div class=\"elementor-widget-wrap elementor-element-populated\">\n\t\t\t\t\t\t<div class=\"elementor-element elementor-element-d79a6f8 elementor-widget elementor-widget-heading\" data-id=\"d79a6f8\" data-element_type=\"widget\" data-e-type=\"widget\" data-widget_type=\"heading.default\">\n\t\t\t\t\t<h2 class=\"elementor-heading-title elementor-size-default\">Il lavoro sociale dietro il giornale di strada<\/h2>\t\t\t\t<\/div>\n\t\t\t\t<div class=\"elementor-element elementor-element-71c1e18 elementor-widget elementor-widget-text-editor\" data-id=\"71c1e18\" data-element_type=\"widget\" data-e-type=\"widget\" data-widget_type=\"text-editor.default\">\n\t\t\t\t\t\t\t\t\t<p>Il giornale di strada zebra. nasce nel 2014 per sostenere persone in situazioni di vita difficili. La vendita di zebra. offre alle persone coinvolte nel progetto la possibilit\u00e0 di tessere relazioni e, al tempo stesso, di ottenere un piccolo guadagno. L\u2019attivit\u00e0 di vendita non sostituisce un lavoro e per questo il lavoro sociale di zebra. mira all\u2019autonomia delle persone, attraverso consulenze e percorsi individualizzati. Le assistenti sociali supportano i venditori e le venditrici nelle loro pratiche burocratiche e amministrative, forniscono un orientamento ai servizi gi\u00e0 presenti sul territorio provinciale (come mense, dormitori d\u2019emergenza, strutture residenziali, servizi sanitari e sociali), accompagnamento e mediazione nella ricerca lavoro e organizzano incontri individuali e di gruppo. Di particolare importanza e attualit\u00e0 \u00e8 il supporto che le assistenti sociali offrono per la ricerca casa.<\/p>\n\t\t\t\t\t\t\t\t<\/div>\n\t\t\t\t<div class=\"elementor-element elementor-element-6af6231 elementor-widget elementor-widget-heading\" data-id=\"6af6231\" data-element_type=\"widget\" data-e-type=\"widget\" data-widget_type=\"heading.default\">\n\t\t\t\t\t<h2 class=\"elementor-heading-title elementor-size-default\">Anche tu puoi fare la tua parte!<\/h2>\t\t\t\t<\/div>\n\t\t\t\t<div class=\"elementor-element elementor-element-54473b0 elementor-widget elementor-widget-text-editor\" data-id=\"54473b0\" data-element_type=\"widget\" data-e-type=\"widget\" data-widget_type=\"text-editor.default\">\n\t\t\t\t\t\t\t\t\t<p>Trovare un lavoro e, soprattutto, un alloggio in Alto Adige non \u00e8 affatto facile e per questo il tuo sostegno \u00e8 benvenuto. Sei vuoi sostenere zebra., i suoi venditori e le sue venditrici, qualora ne avessi la possibilit\u00e0, potresti mettere a disposizione un appartamento in affitto o attivare amici*he e conoscenti, offrire l\u2019opportunit\u00e0 di un lavoro stabile con regolare contratto, proporre stage retribuiti, acquistare il giornale di strada o fare una donazione.<br \/>\nLe donazioni vengono interamente utilizzate per supportare venditori e venditrici in particolare situazioni di emergenza e in questi anni sono stati un prezioso contributo che ci ha permesso di coprire tra le altre cose spese sanitarie, cauzioni per l\u2019affitto di appartamenti, pernottamenti temporanei per venditori e venditrici senza alloggio, percorsi di formazione e professionalizzanti.<\/p>\n\t\t\t\t\t\t\t\t<\/div>\n\t\t\t\t\t<\/div>\n\t\t<\/div>\n\t\t\t\t<div class=\"elementor-column elementor-col-50 elementor-top-column elementor-element elementor-element-65f082d\" data-id=\"65f082d\" data-element_type=\"column\" data-e-type=\"column\">\n\t\t\t<div class=\"elementor-widget-wrap elementor-element-populated\">\n\t\t\t\t\t\t<div class=\"elementor-element elementor-element-5a232e4 elementor-widget elementor-widget-image\" data-id=\"5a232e4\" data-element_type=\"widget\" data-e-type=\"widget\" data-widget_type=\"image.default\">\n\t\t\t\t\t\t\t\t\t\t\t\t\t\t\t<img fetchpriority=\"high\" decoding=\"async\" width=\"785\" height=\"1024\" src=\"https:\/\/oew.org\/wp-content\/uploads\/2023\/04\/Godspower-Aretuemhen-zebra-web-785x1024.jpg\" class=\"attachment-large size-large wp-image-8285\" alt=\"\" srcset=\"https:\/\/oew.org\/wp-content\/uploads\/2023\/04\/Godspower-Aretuemhen-zebra-web-785x1024.jpg 785w, https:\/\/oew.org\/wp-content\/uploads\/2023\/04\/Godspower-Aretuemhen-zebra-web-230x300.jpg 230w, https:\/\/oew.org\/wp-content\/uploads\/2023\/04\/Godspower-Aretuemhen-zebra-web-768x1001.jpg 768w, https:\/\/oew.org\/wp-content\/uploads\/2023\/04\/Godspower-Aretuemhen-zebra-web-1178x1536.jpg 1178w, https:\/\/oew.org\/wp-content\/uploads\/2023\/04\/Godspower-Aretuemhen-zebra-web.jpg 1500w\" sizes=\"(max-width: 785px) 100vw, 785px\" \/>\t\t\t\t\t\t\t\t\t\t\t\t\t\t\t<\/div>\n\t\t\t\t\t<\/div>\n\t\t<\/div>\n\t\t\t\t\t<\/div>\n\t\t<\/section>\n\t\t\t\t<section class=\"elementor-section elementor-top-section elementor-element elementor-element-ef4373c elementor-section-boxed elementor-section-height-default elementor-section-height-default\" data-id=\"ef4373c\" data-element_type=\"section\" data-e-type=\"section\" data-settings=\"{&quot;background_background&quot;:&quot;classic&quot;}\">\n\t\t\t\t\t\t<div class=\"elementor-container elementor-column-gap-default\">\n\t\t\t\t\t<div class=\"elementor-column elementor-col-100 elementor-top-column elementor-element elementor-element-09baec7\" data-id=\"09baec7\" data-element_type=\"column\" data-e-type=\"column\">\n\t\t\t<div class=\"elementor-widget-wrap elementor-element-populated\">\n\t\t\t\t\t\t<div class=\"elementor-element elementor-element-ebb3750 elementor-widget elementor-widget-heading\" data-id=\"ebb3750\" data-element_type=\"widget\" data-e-type=\"widget\" data-widget_type=\"heading.default\">\n\t\t\t\t\t<h2 class=\"elementor-heading-title elementor-size-default\">PROGETTO FSE ZEBRA.SOCIALWORK<\/h2>\t\t\t\t<\/div>\n\t\t\t\t<div class=\"elementor-element elementor-element-f7efe54 elementor-widget elementor-widget-text-editor\" data-id=\"f7efe54\" data-element_type=\"widget\" data-e-type=\"widget\" data-widget_type=\"text-editor.default\">\n\t\t\t\t\t\t\t\t\t<p><strong>Il finanziamento del Fondo Sociale Europeo ci permette, con il progetto \u201czebra. social work 2024-25\u201d, di supportare persone svantaggiate in Alto Adige e di integrarle nell&#8217;ambito di un lavoro sociale innovativo. Di seguito i principali campi d&#8217;azione.<\/strong><\/p>\n\t\t\t\t\t\t\t\t<\/div>\n\t\t\t\t<div class=\"elementor-element elementor-element-5ce2954 elementor-widget elementor-widget-image\" data-id=\"5ce2954\" data-element_type=\"widget\" data-e-type=\"widget\" data-widget_type=\"image.default\">\n\t\t\t\t\t\t\t\t\t\t\t\t\t\t\t<img decoding=\"async\" width=\"800\" height=\"116\" src=\"https:\/\/oew.org\/wp-content\/uploads\/2024\/07\/EN_CI-Co-funded-Rep-Prov_horizontal_NEG-1024x149.png\" class=\"attachment-large size-large wp-image-13102\" alt=\"\" srcset=\"https:\/\/oew.org\/wp-content\/uploads\/2024\/07\/EN_CI-Co-funded-Rep-Prov_horizontal_NEG-1024x149.png 1024w, https:\/\/oew.org\/wp-content\/uploads\/2024\/07\/EN_CI-Co-funded-Rep-Prov_horizontal_NEG-300x44.png 300w, https:\/\/oew.org\/wp-content\/uploads\/2024\/07\/EN_CI-Co-funded-Rep-Prov_horizontal_NEG-768x112.png 768w, https:\/\/oew.org\/wp-content\/uploads\/2024\/07\/EN_CI-Co-funded-Rep-Prov_horizontal_NEG-1536x224.png 1536w, https:\/\/oew.org\/wp-content\/uploads\/2024\/07\/EN_CI-Co-funded-Rep-Prov_horizontal_NEG.png 1607w\" sizes=\"(max-width: 800px) 100vw, 800px\" \/>\t\t\t\t\t\t\t\t\t\t\t\t\t\t\t<\/div>\n\t\t\t\t\t<\/div>\n\t\t<\/div>\n\t\t\t\t\t<\/div>\n\t\t<\/section>\n\t\t\t\t<section class=\"elementor-section elementor-top-section elementor-element elementor-element-f7f7830 elementor-section-boxed elementor-section-height-default elementor-section-height-default\" data-id=\"f7f7830\" data-element_type=\"section\" data-e-type=\"section\">\n\t\t\t\t\t\t<div class=\"elementor-container elementor-column-gap-default\">\n\t\t\t\t\t<div class=\"elementor-column elementor-col-50 elementor-top-column elementor-element elementor-element-5c351d8\" data-id=\"5c351d8\" data-element_type=\"column\" data-e-type=\"column\" data-settings=\"{&quot;background_background&quot;:&quot;classic&quot;}\">\n\t\t\t<div class=\"elementor-widget-wrap elementor-element-populated\">\n\t\t\t\t\t\t<div class=\"elementor-element elementor-element-cc86814 elementor-widget elementor-widget-text-editor\" data-id=\"cc86814\" data-element_type=\"widget\" data-e-type=\"widget\" data-widget_type=\"text-editor.default\">\n\t\t\t\t\t\t\t\t\t<p>\u2022\u00a0\u00a0\u00a0 <strong>Innovazione sociale:<\/strong> Il progetto &#8220;zebra. social work 24-25&#8221; mira a realizzare misure innovative di supporto sociale e consulenza per persone a rischio o colpite da esclusione sociale. Questo include la promozione delle loro capacit\u00e0 e potenzialit\u00e0, al fine di aumentare la loro autonomia e integrazione sociale.<br \/>\n\u2022\u00a0\u00a0\u00a0 <strong>Supporto a gruppi svantaggiati:<\/strong> Il progetto \u00e8 rivolto in particolare a migranti e richiedenti asilo, spesso colpiti da esclusione sociale e senza fissa dimora. Offre loro supporto personalizzato per facilitare l&#8217;accesso ai servizi sociali e alle reti di sostegno.<\/p>\n<p>\u2022\u00a0\u00a0\u00a0 <strong>Coordinamento e creazione di reti:<\/strong> Si promuove la creazione continua di reti per garantire che gli interventi rispondano ai bisogni e alle caratteristiche dei gruppi target.<\/p>\n\t\t\t\t\t\t\t\t<\/div>\n\t\t\t\t\t<\/div>\n\t\t<\/div>\n\t\t\t\t<div class=\"elementor-column elementor-col-50 elementor-top-column elementor-element elementor-element-8b3b983\" data-id=\"8b3b983\" data-element_type=\"column\" data-e-type=\"column\">\n\t\t\t<div class=\"elementor-widget-wrap elementor-element-populated\">\n\t\t\t\t\t\t<div class=\"elementor-element elementor-element-8dee19b elementor-widget elementor-widget-text-editor\" data-id=\"8dee19b\" data-element_type=\"widget\" data-e-type=\"widget\" data-widget_type=\"text-editor.default\">\n\t\t\t\t\t\t\t\t\tQuesto include la collaborazione con i servizi sociali e sanitari locali, le scuole e gli attori del Terzo Settore come Caritas e Volontarius.\r\n\u2022\u00a0\u00a0\u00a0 <strong>Rafforzamento della comunit\u00e0 locale:<\/strong> Attraverso varie attivit\u00e0, i partecipanti saranno integrati e sensibilizzati nella comunit\u00e0 locale. Questo comprende seminari ed eventi che promuovono lo scambio e la comprensione tra i partecipanti e la comunit\u00e0 pi\u00f9 ampia.\r\n\u2022\u00a0\u00a0\u00a0 <strong>Riflessone e adattamento dei metodi:<\/strong>Durante il periodo del progetto, si effettuer\u00e0 una riflessione costante sui metodi applicati e sulla loro efficacia, al fine di sviluppare un modello di lavoro solido e replicabile per il futuro.\t\t\t\t\t\t\t\t<\/div>\n\t\t\t\t\t<\/div>\n\t\t<\/div>\n\t\t\t\t\t<\/div>\n\t\t<\/section>\n\t\t<div class=\"elementor-element elementor-element-08f27e1 e-flex e-con-boxed e-con e-parent\" data-id=\"08f27e1\" data-element_type=\"container\" data-e-type=\"container\">\n\t\t\t\t\t<div class=\"e-con-inner\">\n\t\t\t\t<div class=\"elementor-element elementor-element-5a0ef9a elementor-widget elementor-widget-text-editor\" data-id=\"5a0ef9a\" data-element_type=\"widget\" data-e-type=\"widget\" data-widget_type=\"text-editor.default\">\n\t\t\t\t\t\t\t\t\t<p>Numero del progetto: ESF3_k3_0010<br \/>Periodo: maggio 2024 &#8211; marzo 2026<br \/>Ultimo aggiornamento: 03.10.2024, Bressanone<\/p>\t\t\t\t\t\t\t\t<\/div>\n\t\t\t\t\t<\/div>\n\t\t\t\t<\/div>\n\t\t\t\t<\/div>\n\t\t","protected":false},"excerpt":{"rendered":"<p>zebra. \u00e8 un progetto editoriale e sociale che sostiene le persone ai margini della societ\u00e0. Contemporaneamente intende stimolare la popolazione altoatesina a pensare e ad agire in modo consapevole e comunitario. Il lavoro sociale dietro il giornale di strada Il giornale di strada zebra. nasce nel 2014 per sostenere persone in situazioni di vita difficili. [&hellip;]<\/p>\n","protected":false},"author":1,"featured_media":8391,"parent":7156,"menu_order":0,"comment_status":"closed","ping_status":"closed","template":"","meta":{"_acf_changed":false,"footnotes":"","_links_to":"","_links_to_target":""},"class_list":["post-7169","page","type-page","status-publish","has-post-thumbnail","hentry"],"acf":[],"yoast_head":"<!-- This site is optimized with the Yoast SEO plugin v27.2 - https:\/\/yoast.com\/product\/yoast-seo-wordpress\/ -->\n<title>Progetto sociale - OEW<\/title>\n<meta name=\"robots\" content=\"index, follow, max-snippet:-1, max-image-preview:large, max-video-preview:-1\" \/>\n<link rel=\"canonical\" href=\"https:\/\/oew.org\/it\/zebra\/progetto-sociale\/\" \/>\n<meta property=\"og:locale\" content=\"it_IT\" \/>\n<meta property=\"og:type\" content=\"article\" \/>\n<meta property=\"og:title\" content=\"Progetto sociale - OEW\" \/>\n<meta property=\"og:description\" content=\"zebra. \u00e8 un progetto editoriale e sociale che sostiene le persone ai margini della societ\u00e0. Contemporaneamente intende stimolare la popolazione altoatesina a pensare e ad agire in modo consapevole e comunitario. Il lavoro sociale dietro il giornale di strada Il giornale di strada zebra. nasce nel 2014 per sostenere persone in situazioni di vita difficili. [&hellip;]\" \/>\n<meta property=\"og:url\" content=\"https:\/\/oew.org\/it\/zebra\/progetto-sociale\/\" \/>\n<meta property=\"og:site_name\" content=\"OEW\" \/>\n<meta property=\"article:modified_time\" content=\"2024-11-29T09:25:47+00:00\" \/>\n<meta property=\"og:image\" content=\"https:\/\/oew.org\/wp-content\/uploads\/2023\/04\/Faith-und-Joseph_Webheader-s3.jpg\" \/>\n\t<meta property=\"og:image:width\" content=\"1993\" \/>\n\t<meta property=\"og:image:height\" content=\"789\" \/>\n\t<meta property=\"og:image:type\" content=\"image\/jpeg\" \/>\n<meta name=\"twitter:card\" content=\"summary_large_image\" \/>\n<meta name=\"twitter:label1\" content=\"Tempo di lettura stimato\" \/>\n\t<meta name=\"twitter:data1\" content=\"4 minuti\" \/>\n<script type=\"application\/ld+json\" class=\"yoast-schema-graph\">{\"@context\":\"https:\/\/schema.org\",\"@graph\":[{\"@type\":\"WebPage\",\"@id\":\"https:\/\/oew.org\/it\/zebra\/progetto-sociale\/\",\"url\":\"https:\/\/oew.org\/it\/zebra\/progetto-sociale\/\",\"name\":\"Progetto sociale - OEW\",\"isPartOf\":{\"@id\":\"https:\/\/oew.org\/it\/#website\"},\"primaryImageOfPage\":{\"@id\":\"https:\/\/oew.org\/it\/zebra\/progetto-sociale\/#primaryimage\"},\"image\":{\"@id\":\"https:\/\/oew.org\/it\/zebra\/progetto-sociale\/#primaryimage\"},\"thumbnailUrl\":\"https:\/\/oew.org\/wp-content\/uploads\/2023\/04\/Faith-und-Joseph_Webheader-s3.jpg\",\"datePublished\":\"2022-08-18T13:45:55+00:00\",\"dateModified\":\"2024-11-29T09:25:47+00:00\",\"breadcrumb\":{\"@id\":\"https:\/\/oew.org\/it\/zebra\/progetto-sociale\/#breadcrumb\"},\"inLanguage\":\"it-IT\",\"potentialAction\":[{\"@type\":\"ReadAction\",\"target\":[\"https:\/\/oew.org\/it\/zebra\/progetto-sociale\/\"]}]},{\"@type\":\"ImageObject\",\"inLanguage\":\"it-IT\",\"@id\":\"https:\/\/oew.org\/it\/zebra\/progetto-sociale\/#primaryimage\",\"url\":\"https:\/\/oew.org\/wp-content\/uploads\/2023\/04\/Faith-und-Joseph_Webheader-s3.jpg\",\"contentUrl\":\"https:\/\/oew.org\/wp-content\/uploads\/2023\/04\/Faith-und-Joseph_Webheader-s3.jpg\",\"width\":1993,\"height\":789},{\"@type\":\"BreadcrumbList\",\"@id\":\"https:\/\/oew.org\/it\/zebra\/progetto-sociale\/#breadcrumb\",\"itemListElement\":[{\"@type\":\"ListItem\",\"position\":1,\"name\":\"Home\",\"item\":\"https:\/\/oew.org\/it\/\"},{\"@type\":\"ListItem\",\"position\":2,\"name\":\"Giornale di strada zebra.\",\"item\":\"https:\/\/oew.org\/it\/zebra\/\"},{\"@type\":\"ListItem\",\"position\":3,\"name\":\"Progetto sociale\"}]},{\"@type\":\"WebSite\",\"@id\":\"https:\/\/oew.org\/it\/#website\",\"url\":\"https:\/\/oew.org\/it\/\",\"name\":\"OEW\",\"description\":\"Organisation f\u00fcr Eine solidarische Welt\",\"publisher\":{\"@id\":\"https:\/\/oew.org\/it\/#organization\"},\"potentialAction\":[{\"@type\":\"SearchAction\",\"target\":{\"@type\":\"EntryPoint\",\"urlTemplate\":\"https:\/\/oew.org\/it\/?s={search_term_string}\"},\"query-input\":{\"@type\":\"PropertyValueSpecification\",\"valueRequired\":true,\"valueName\":\"search_term_string\"}}],\"inLanguage\":\"it-IT\"},{\"@type\":\"Organization\",\"@id\":\"https:\/\/oew.org\/it\/#organization\",\"name\":\"OEW\",\"url\":\"https:\/\/oew.org\/it\/\",\"logo\":{\"@type\":\"ImageObject\",\"inLanguage\":\"it-IT\",\"@id\":\"https:\/\/oew.org\/it\/#\/schema\/logo\/image\/\",\"url\":\"https:\/\/oew.org\/wp-content\/uploads\/2022\/07\/Logo-OEW-frei.jpg\",\"contentUrl\":\"https:\/\/oew.org\/wp-content\/uploads\/2022\/07\/Logo-OEW-frei.jpg\",\"width\":780,\"height\":248,\"caption\":\"OEW\"},\"image\":{\"@id\":\"https:\/\/oew.org\/it\/#\/schema\/logo\/image\/\"}}]}<\/script>\n<!-- \/ Yoast SEO plugin. -->","yoast_head_json":{"title":"Progetto sociale - OEW","robots":{"index":"index","follow":"follow","max-snippet":"max-snippet:-1","max-image-preview":"max-image-preview:large","max-video-preview":"max-video-preview:-1"},"canonical":"https:\/\/oew.org\/it\/zebra\/progetto-sociale\/","og_locale":"it_IT","og_type":"article","og_title":"Progetto sociale - OEW","og_description":"zebra. \u00e8 un progetto editoriale e sociale che sostiene le persone ai margini della societ\u00e0. Contemporaneamente intende stimolare la popolazione altoatesina a pensare e ad agire in modo consapevole e comunitario. Il lavoro sociale dietro il giornale di strada Il giornale di strada zebra. nasce nel 2014 per sostenere persone in situazioni di vita difficili. [&hellip;]","og_url":"https:\/\/oew.org\/it\/zebra\/progetto-sociale\/","og_site_name":"OEW","article_modified_time":"2024-11-29T09:25:47+00:00","og_image":[{"width":1993,"height":789,"url":"https:\/\/oew.org\/wp-content\/uploads\/2023\/04\/Faith-und-Joseph_Webheader-s3.jpg","type":"image\/jpeg"}],"twitter_card":"summary_large_image","twitter_misc":{"Tempo di lettura stimato":"4 minuti"},"schema":{"@context":"https:\/\/schema.org","@graph":[{"@type":"WebPage","@id":"https:\/\/oew.org\/it\/zebra\/progetto-sociale\/","url":"https:\/\/oew.org\/it\/zebra\/progetto-sociale\/","name":"Progetto sociale - OEW","isPartOf":{"@id":"https:\/\/oew.org\/it\/#website"},"primaryImageOfPage":{"@id":"https:\/\/oew.org\/it\/zebra\/progetto-sociale\/#primaryimage"},"image":{"@id":"https:\/\/oew.org\/it\/zebra\/progetto-sociale\/#primaryimage"},"thumbnailUrl":"https:\/\/oew.org\/wp-content\/uploads\/2023\/04\/Faith-und-Joseph_Webheader-s3.jpg","datePublished":"2022-08-18T13:45:55+00:00","dateModified":"2024-11-29T09:25:47+00:00","breadcrumb":{"@id":"https:\/\/oew.org\/it\/zebra\/progetto-sociale\/#breadcrumb"},"inLanguage":"it-IT","potentialAction":[{"@type":"ReadAction","target":["https:\/\/oew.org\/it\/zebra\/progetto-sociale\/"]}]},{"@type":"ImageObject","inLanguage":"it-IT","@id":"https:\/\/oew.org\/it\/zebra\/progetto-sociale\/#primaryimage","url":"https:\/\/oew.org\/wp-content\/uploads\/2023\/04\/Faith-und-Joseph_Webheader-s3.jpg","contentUrl":"https:\/\/oew.org\/wp-content\/uploads\/2023\/04\/Faith-und-Joseph_Webheader-s3.jpg","width":1993,"height":789},{"@type":"BreadcrumbList","@id":"https:\/\/oew.org\/it\/zebra\/progetto-sociale\/#breadcrumb","itemListElement":[{"@type":"ListItem","position":1,"name":"Home","item":"https:\/\/oew.org\/it\/"},{"@type":"ListItem","position":2,"name":"Giornale di strada zebra.","item":"https:\/\/oew.org\/it\/zebra\/"},{"@type":"ListItem","position":3,"name":"Progetto sociale"}]},{"@type":"WebSite","@id":"https:\/\/oew.org\/it\/#website","url":"https:\/\/oew.org\/it\/","name":"OEW","description":"Organisation f\u00fcr Eine solidarische Welt","publisher":{"@id":"https:\/\/oew.org\/it\/#organization"},"potentialAction":[{"@type":"SearchAction","target":{"@type":"EntryPoint","urlTemplate":"https:\/\/oew.org\/it\/?s={search_term_string}"},"query-input":{"@type":"PropertyValueSpecification","valueRequired":true,"valueName":"search_term_string"}}],"inLanguage":"it-IT"},{"@type":"Organization","@id":"https:\/\/oew.org\/it\/#organization","name":"OEW","url":"https:\/\/oew.org\/it\/","logo":{"@type":"ImageObject","inLanguage":"it-IT","@id":"https:\/\/oew.org\/it\/#\/schema\/logo\/image\/","url":"https:\/\/oew.org\/wp-content\/uploads\/2022\/07\/Logo-OEW-frei.jpg","contentUrl":"https:\/\/oew.org\/wp-content\/uploads\/2022\/07\/Logo-OEW-frei.jpg","width":780,"height":248,"caption":"OEW"},"image":{"@id":"https:\/\/oew.org\/it\/#\/schema\/logo\/image\/"}}]}},"_links":{"self":[{"href":"https:\/\/oew.org\/it\/wp-json\/wp\/v2\/pages\/7169","targetHints":{"allow":["GET"]}}],"collection":[{"href":"https:\/\/oew.org\/it\/wp-json\/wp\/v2\/pages"}],"about":[{"href":"https:\/\/oew.org\/it\/wp-json\/wp\/v2\/types\/page"}],"author":[{"embeddable":true,"href":"https:\/\/oew.org\/it\/wp-json\/wp\/v2\/users\/1"}],"replies":[{"embeddable":true,"href":"https:\/\/oew.org\/it\/wp-json\/wp\/v2\/comments?post=7169"}],"version-history":[{"count":38,"href":"https:\/\/oew.org\/it\/wp-json\/wp\/v2\/pages\/7169\/revisions"}],"predecessor-version":[{"id":13441,"href":"https:\/\/oew.org\/it\/wp-json\/wp\/v2\/pages\/7169\/revisions\/13441"}],"up":[{"embeddable":true,"href":"https:\/\/oew.org\/it\/wp-json\/wp\/v2\/pages\/7156"}],"wp:featuredmedia":[{"embeddable":true,"href":"https:\/\/oew.org\/it\/wp-json\/wp\/v2\/media\/8391"}],"wp:attachment":[{"href":"https:\/\/oew.org\/it\/wp-json\/wp\/v2\/media?parent=7169"}],"curies":[{"name":"wp","href":"https:\/\/api.w.org\/{rel}","templated":true}]}}