{"id":7213,"date":"2022-07-19T17:11:11","date_gmt":"2022-07-19T15:11:11","guid":{"rendered":"https:\/\/oew.org\/collaborare\/"},"modified":"2025-08-01T09:16:53","modified_gmt":"2025-08-01T07:16:53","slug":"collaborare","status":"publish","type":"page","link":"https:\/\/oew.org\/it\/collaborare\/","title":{"rendered":"Collaborare"},"content":{"rendered":"\t\t<div data-elementor-type=\"wp-page\" data-elementor-id=\"7213\" class=\"elementor elementor-7213 elementor-2164\" data-elementor-post-type=\"page\">\n\t\t\t\t\t\t<section class=\"elementor-section elementor-top-section elementor-element elementor-element-b76f738 elementor-section-boxed elementor-section-height-default elementor-section-height-default\" data-id=\"b76f738\" data-element_type=\"section\" data-e-type=\"section\" data-settings=\"{&quot;background_background&quot;:&quot;classic&quot;}\">\n\t\t\t\t\t\t<div class=\"elementor-container elementor-column-gap-default\">\n\t\t\t\t\t<div class=\"elementor-column elementor-col-100 elementor-top-column elementor-element elementor-element-44b4836\" data-id=\"44b4836\" data-element_type=\"column\" data-e-type=\"column\">\n\t\t\t<div class=\"elementor-widget-wrap elementor-element-populated\">\n\t\t\t\t\t\t<div class=\"elementor-element elementor-element-0e0944a elementor-widget elementor-widget-heading\" data-id=\"0e0944a\" data-element_type=\"widget\" data-e-type=\"widget\" data-widget_type=\"heading.default\">\n\t\t\t\t\t<h3 class=\"elementor-heading-title elementor-size-default\">Candidati ora<\/h3>\t\t\t\t<\/div>\n\t\t\t\t\t<\/div>\n\t\t<\/div>\n\t\t\t\t\t<\/div>\n\t\t<\/section>\n\t\t\t\t<section class=\"elementor-section elementor-top-section elementor-element elementor-element-846286f elementor-section-boxed elementor-section-height-default elementor-section-height-default\" data-id=\"846286f\" data-element_type=\"section\" data-e-type=\"section\">\n\t\t\t\t\t\t<div class=\"elementor-container elementor-column-gap-default\">\n\t\t\t\t\t<div class=\"elementor-column elementor-col-100 elementor-top-column elementor-element elementor-element-08282f9\" data-id=\"08282f9\" data-element_type=\"column\" data-e-type=\"column\">\n\t\t\t<div class=\"elementor-widget-wrap elementor-element-populated\">\n\t\t\t\t\t\t<div class=\"elementor-element elementor-element-4646bbb elementor-widget elementor-widget-spacer\" data-id=\"4646bbb\" data-element_type=\"widget\" data-e-type=\"widget\" data-widget_type=\"spacer.default\">\n\t\t\t\t\t\t\t<div class=\"elementor-spacer\">\n\t\t\t<div class=\"elementor-spacer-inner\"><\/div>\n\t\t<\/div>\n\t\t\t\t\t\t<\/div>\n\t\t\t\t<section class=\"elementor-section elementor-inner-section elementor-element elementor-element-5d2e228 elementor-section-boxed elementor-section-height-default elementor-section-height-default\" data-id=\"5d2e228\" data-element_type=\"section\" data-e-type=\"section\">\n\t\t\t\t\t\t<div class=\"elementor-container elementor-column-gap-default\">\n\t\t\t\t\t<div class=\"elementor-column elementor-col-100 elementor-inner-column elementor-element elementor-element-8644b9b\" data-id=\"8644b9b\" data-element_type=\"column\" data-e-type=\"column\">\n\t\t\t<div class=\"elementor-widget-wrap elementor-element-populated\">\n\t\t\t\t\t\t<div class=\"elementor-element elementor-element-ee1e53f elementor-widget elementor-widget-heading\" data-id=\"ee1e53f\" data-element_type=\"widget\" data-e-type=\"widget\" data-widget_type=\"heading.default\">\n\t\t\t\t\t<h3 class=\"elementor-heading-title elementor-size-default\">Offerte di lavoro<\/h3>\t\t\t\t<\/div>\n\t\t\t\t<div class=\"elementor-element elementor-element-d5fd77b elementor-grid-1 elementor-grid-tablet-1 elementor-widget__width-initial elementor-posts--thumbnail-top elementor-grid-mobile-1 elementor-widget elementor-widget-posts\" data-id=\"d5fd77b\" data-element_type=\"widget\" data-e-type=\"widget\" data-settings=\"{&quot;custom_columns&quot;:&quot;1&quot;,&quot;custom_columns_tablet&quot;:&quot;1&quot;,&quot;custom_columns_mobile&quot;:&quot;1&quot;,&quot;custom_row_gap&quot;:{&quot;unit&quot;:&quot;px&quot;,&quot;size&quot;:35,&quot;sizes&quot;:[]},&quot;custom_row_gap_tablet&quot;:{&quot;unit&quot;:&quot;px&quot;,&quot;size&quot;:&quot;&quot;,&quot;sizes&quot;:[]},&quot;custom_row_gap_mobile&quot;:{&quot;unit&quot;:&quot;px&quot;,&quot;size&quot;:&quot;&quot;,&quot;sizes&quot;:[]}}\" data-widget_type=\"posts.custom\">\n\t\t\t\t<div class=\"elementor-widget-container\">\n\t\t\t\t\t      <div class=\"ecs-posts elementor-posts-container elementor-posts   elementor-grid elementor-posts--skin-custom\" data-settings=\"{&quot;current_page&quot;:1,&quot;max_num_pages&quot;:0,&quot;load_method&quot;:&quot;&quot;,&quot;widget_id&quot;:&quot;d5fd77b&quot;,&quot;post_id&quot;:7213,&quot;theme_id&quot;:7213,&quot;change_url&quot;:false,&quot;reinit_js&quot;:false}\">\n      <div class=\"elementor-posts-nothing-found\"><\/div>\t\t<\/div>\n\t\t\t\t\t\t<\/div>\n\t\t\t\t<\/div>\n\t\t\t\t\t<\/div>\n\t\t<\/div>\n\t\t\t\t\t<\/div>\n\t\t<\/section>\n\t\t\t\t\t<\/div>\n\t\t<\/div>\n\t\t\t\t\t<\/div>\n\t\t<\/section>\n\t\t\t\t<section class=\"elementor-section elementor-top-section elementor-element elementor-element-39c083b elementor-section-boxed elementor-section-height-default elementor-section-height-default\" data-id=\"39c083b\" data-element_type=\"section\" data-e-type=\"section\">\n\t\t\t\t\t\t<div class=\"elementor-container elementor-column-gap-default\">\n\t\t\t\t\t<div class=\"elementor-column elementor-col-100 elementor-top-column elementor-element elementor-element-6e306de\" data-id=\"6e306de\" data-element_type=\"column\" data-e-type=\"column\">\n\t\t\t<div class=\"elementor-widget-wrap elementor-element-populated\">\n\t\t\t\t\t\t<div class=\"elementor-element elementor-element-1c29147 elementor-widget elementor-widget-heading\" data-id=\"1c29147\" data-element_type=\"widget\" data-e-type=\"widget\" data-widget_type=\"heading.default\">\n\t\t\t\t\t<h2 class=\"elementor-heading-title elementor-size-default\">Cosa cerchiamo sempre<\/h2>\t\t\t\t<\/div>\n\t\t\t\t<section class=\"elementor-section elementor-inner-section elementor-element elementor-element-b8aaef9 elementor-section-boxed elementor-section-height-default elementor-section-height-default\" data-id=\"b8aaef9\" data-element_type=\"section\" data-e-type=\"section\">\n\t\t\t\t\t\t<div class=\"elementor-container elementor-column-gap-default\">\n\t\t\t\t\t<div class=\"elementor-column elementor-col-50 elementor-inner-column elementor-element elementor-element-d7637d8\" data-id=\"d7637d8\" data-element_type=\"column\" data-e-type=\"column\">\n\t\t\t<div class=\"elementor-widget-wrap elementor-element-populated\">\n\t\t\t\t\t\t<div class=\"elementor-element elementor-element-eb40670 elementor-widget elementor-widget-heading\" data-id=\"eb40670\" data-element_type=\"widget\" data-e-type=\"widget\" data-widget_type=\"heading.default\">\n\t\t\t\t\t<h3 class=\"elementor-heading-title elementor-size-default\">ONORARIO<\/h3>\t\t\t\t<\/div>\n\t\t\t\t<div class=\"elementor-element elementor-element-61facec elementor-widget elementor-widget-text-editor\" data-id=\"61facec\" data-element_type=\"widget\" data-e-type=\"widget\" data-widget_type=\"text-editor.default\">\n\t\t\t\t\t\t\t\t\t<p>Unisciti a noi per diffondere i contenuti che ti stanno a cuore!<br \/>\nAll\u2019OEW c&#8217;\u00e8 molto spazio per creativit\u00e0, scambi e discussioni tematiche. Siamo un forum aperto a tutti*e quelli*e interessati*e e ogni sostegno \u00e8 benvenuto. Contattaci all&#8217;indirizzo <a href=\"mailto:info@oew.org\">info@oew.org<\/a> e ti indicheremo i gruppi e gli eventi a cui puoi partecipare.<\/p>\n\t\t\t\t\t\t\t\t<\/div>\n\t\t\t\t<div class=\"elementor-element elementor-element-7ee09f9 elementor-widget elementor-widget-text-editor\" data-id=\"7ee09f9\" data-element_type=\"widget\" data-e-type=\"widget\" data-widget_type=\"text-editor.default\">\n\t\t\t\t\t\t\t\t\t<strong>Diventa scrittore*rice zebra.\r\n<\/strong>\r\n\r\nIl giornale di strada zebra. \u00e8 indipendente, bilingue e la sua redazione si trovaa Bressanone. Il team redazionale \u00e8 sempre alla ricerca di talentuosi*e artisti*e della parola, illustratori o fotografi che vogliano offrirsi come volontari*e per una delle prossime edizioni. Candidati sotto <a href=\"mailto:zebra@oew.org\">zebra@oew.org.<\/a>\t\t\t\t\t\t\t\t<\/div>\n\t\t\t\t\t<\/div>\n\t\t<\/div>\n\t\t\t\t<div class=\"elementor-column elementor-col-50 elementor-inner-column elementor-element elementor-element-f87aa4c\" data-id=\"f87aa4c\" data-element_type=\"column\" data-e-type=\"column\">\n\t\t\t<div class=\"elementor-widget-wrap elementor-element-populated\">\n\t\t\t\t\t\t<div class=\"elementor-element elementor-element-f675bda elementor-widget elementor-widget-heading\" data-id=\"f675bda\" data-element_type=\"widget\" data-e-type=\"widget\" data-widget_type=\"heading.default\">\n\t\t\t\t\t<h3 class=\"elementor-heading-title elementor-size-default\">Tirocini<\/h3>\t\t\t\t<\/div>\n\t\t\t\t<div class=\"elementor-element elementor-element-68c7057 elementor-widget elementor-widget-text-editor\" data-id=\"68c7057\" data-element_type=\"widget\" data-e-type=\"widget\" data-widget_type=\"text-editor.default\">\n\t\t\t\t\t\t\t\t\t<p><b>Tirocini universitari e scolastici<\/b><\/p>\n<p>Svolgi il tuo tirocinio all&#8217;OEW, candidati ora su <a href=\"mailto:info@oew.org\">info@oew.org.<\/a> Oltre ai tirocini scolastici e standard, offriamo anche posti di tirocinio obbligatorio nei campi del <strong>lavoro sociale<\/strong> <strong>e delle scienze della comunicazione<\/strong> a studenti.<\/p>\n\t\t\t\t\t\t\t\t<\/div>\n\t\t\t\t<div class=\"elementor-element elementor-element-c59332c elementor-widget elementor-widget-text-editor\" data-id=\"c59332c\" data-element_type=\"widget\" data-e-type=\"widget\" data-widget_type=\"text-editor.default\">\n\t\t\t\t\t\t\t\t\t<p><b>Tirocini all&#8217;estero<\/b><\/p>\n<p>Da circa 20 anni organizziamo stage nel Sud globale, soprattutto per giovani altoatesini. Nei progetti educativi, sociali e ambientali in Per\u00f9, Bolivia, Ecuador, Brasile, Zambia e Uganda, possono fare nuove esperienze, conoscere la vita quotidiana della popolazione locale e mettere in discussione la propria visione del mondo. <a href=\"https:\/\/oew.org\/it\/il-tuo-stage-allestero\/\">Ulteriori informazioni trovate qui.<\/a><\/p>\n\t\t\t\t\t\t\t\t<\/div>\n\t\t\t\t\t<\/div>\n\t\t<\/div>\n\t\t\t\t\t<\/div>\n\t\t<\/section>\n\t\t\t\t\t<\/div>\n\t\t<\/div>\n\t\t\t\t\t<\/div>\n\t\t<\/section>\n\t\t\t\t<\/div>\n\t\t","protected":false},"excerpt":{"rendered":"<p>Candidati ora Offerte di lavoro Cosa cerchiamo sempre ONORARIO Unisciti a noi per diffondere i contenuti che ti stanno a cuore! All\u2019OEW c&#8217;\u00e8 molto spazio per creativit\u00e0, scambi e discussioni tematiche. Siamo un forum aperto a tutti*e quelli*e interessati*e e ogni sostegno \u00e8 benvenuto. Contattaci all&#8217;indirizzo info@oew.org e ti indicheremo i gruppi e gli eventi [&hellip;]<\/p>\n","protected":false},"author":1,"featured_media":6504,"parent":0,"menu_order":0,"comment_status":"closed","ping_status":"closed","template":"","meta":{"_acf_changed":false,"footnotes":"","_links_to":"","_links_to_target":""},"class_list":["post-7213","page","type-page","status-publish","has-post-thumbnail","hentry"],"acf":[],"yoast_head":"<!-- This site is optimized with the Yoast SEO plugin v27.2 - https:\/\/yoast.com\/product\/yoast-seo-wordpress\/ -->\n<title>Collaborare - OEW<\/title>\n<meta name=\"robots\" content=\"index, follow, max-snippet:-1, max-image-preview:large, max-video-preview:-1\" \/>\n<link rel=\"canonical\" href=\"https:\/\/oew.org\/it\/collaborare\/\" \/>\n<meta property=\"og:locale\" content=\"it_IT\" \/>\n<meta property=\"og:type\" content=\"article\" \/>\n<meta property=\"og:title\" content=\"Collaborare - OEW\" \/>\n<meta property=\"og:description\" content=\"Candidati ora Offerte di lavoro Cosa cerchiamo sempre ONORARIO Unisciti a noi per diffondere i contenuti che ti stanno a cuore! All\u2019OEW c&#8217;\u00e8 molto spazio per creativit\u00e0, scambi e discussioni tematiche. Siamo un forum aperto a tutti*e quelli*e interessati*e e ogni sostegno \u00e8 benvenuto. Contattaci all&#8217;indirizzo info@oew.org e ti indicheremo i gruppi e gli eventi [&hellip;]\" \/>\n<meta property=\"og:url\" content=\"https:\/\/oew.org\/it\/collaborare\/\" \/>\n<meta property=\"og:site_name\" content=\"OEW\" \/>\n<meta property=\"article:modified_time\" content=\"2025-08-01T07:16:53+00:00\" \/>\n<meta property=\"og:image\" content=\"https:\/\/oew.org\/wp-content\/uploads\/2022\/09\/Mitmachen-in-OEWc.jpg\" \/>\n\t<meta property=\"og:image:width\" content=\"1830\" \/>\n\t<meta property=\"og:image:height\" content=\"985\" \/>\n\t<meta property=\"og:image:type\" content=\"image\/jpeg\" \/>\n<meta name=\"twitter:card\" content=\"summary_large_image\" \/>\n<meta name=\"twitter:label1\" content=\"Tempo di lettura stimato\" \/>\n\t<meta name=\"twitter:data1\" content=\"2 minuti\" \/>\n<script type=\"application\/ld+json\" class=\"yoast-schema-graph\">{\"@context\":\"https:\/\/schema.org\",\"@graph\":[{\"@type\":\"WebPage\",\"@id\":\"https:\/\/oew.org\/it\/collaborare\/\",\"url\":\"https:\/\/oew.org\/it\/collaborare\/\",\"name\":\"Collaborare - OEW\",\"isPartOf\":{\"@id\":\"https:\/\/oew.org\/it\/#website\"},\"primaryImageOfPage\":{\"@id\":\"https:\/\/oew.org\/it\/collaborare\/#primaryimage\"},\"image\":{\"@id\":\"https:\/\/oew.org\/it\/collaborare\/#primaryimage\"},\"thumbnailUrl\":\"https:\/\/oew.org\/wp-content\/uploads\/2022\/09\/Mitmachen-in-OEWc.jpg\",\"datePublished\":\"2022-07-19T15:11:11+00:00\",\"dateModified\":\"2025-08-01T07:16:53+00:00\",\"breadcrumb\":{\"@id\":\"https:\/\/oew.org\/it\/collaborare\/#breadcrumb\"},\"inLanguage\":\"it-IT\",\"potentialAction\":[{\"@type\":\"ReadAction\",\"target\":[\"https:\/\/oew.org\/it\/collaborare\/\"]}]},{\"@type\":\"ImageObject\",\"inLanguage\":\"it-IT\",\"@id\":\"https:\/\/oew.org\/it\/collaborare\/#primaryimage\",\"url\":\"https:\/\/oew.org\/wp-content\/uploads\/2022\/09\/Mitmachen-in-OEWc.jpg\",\"contentUrl\":\"https:\/\/oew.org\/wp-content\/uploads\/2022\/09\/Mitmachen-in-OEWc.jpg\",\"width\":1830,\"height\":985},{\"@type\":\"BreadcrumbList\",\"@id\":\"https:\/\/oew.org\/it\/collaborare\/#breadcrumb\",\"itemListElement\":[{\"@type\":\"ListItem\",\"position\":1,\"name\":\"Home\",\"item\":\"https:\/\/oew.org\/it\/\"},{\"@type\":\"ListItem\",\"position\":2,\"name\":\"Collaborare\"}]},{\"@type\":\"WebSite\",\"@id\":\"https:\/\/oew.org\/it\/#website\",\"url\":\"https:\/\/oew.org\/it\/\",\"name\":\"OEW\",\"description\":\"Organisation f\u00fcr Eine solidarische Welt\",\"publisher\":{\"@id\":\"https:\/\/oew.org\/it\/#organization\"},\"potentialAction\":[{\"@type\":\"SearchAction\",\"target\":{\"@type\":\"EntryPoint\",\"urlTemplate\":\"https:\/\/oew.org\/it\/?s={search_term_string}\"},\"query-input\":{\"@type\":\"PropertyValueSpecification\",\"valueRequired\":true,\"valueName\":\"search_term_string\"}}],\"inLanguage\":\"it-IT\"},{\"@type\":\"Organization\",\"@id\":\"https:\/\/oew.org\/it\/#organization\",\"name\":\"OEW\",\"url\":\"https:\/\/oew.org\/it\/\",\"logo\":{\"@type\":\"ImageObject\",\"inLanguage\":\"it-IT\",\"@id\":\"https:\/\/oew.org\/it\/#\/schema\/logo\/image\/\",\"url\":\"https:\/\/oew.org\/wp-content\/uploads\/2022\/07\/Logo-OEW-frei.jpg\",\"contentUrl\":\"https:\/\/oew.org\/wp-content\/uploads\/2022\/07\/Logo-OEW-frei.jpg\",\"width\":780,\"height\":248,\"caption\":\"OEW\"},\"image\":{\"@id\":\"https:\/\/oew.org\/it\/#\/schema\/logo\/image\/\"}}]}<\/script>\n<!-- \/ Yoast SEO plugin. -->","yoast_head_json":{"title":"Collaborare - OEW","robots":{"index":"index","follow":"follow","max-snippet":"max-snippet:-1","max-image-preview":"max-image-preview:large","max-video-preview":"max-video-preview:-1"},"canonical":"https:\/\/oew.org\/it\/collaborare\/","og_locale":"it_IT","og_type":"article","og_title":"Collaborare - OEW","og_description":"Candidati ora Offerte di lavoro Cosa cerchiamo sempre ONORARIO Unisciti a noi per diffondere i contenuti che ti stanno a cuore! All\u2019OEW c&#8217;\u00e8 molto spazio per creativit\u00e0, scambi e discussioni tematiche. Siamo un forum aperto a tutti*e quelli*e interessati*e e ogni sostegno \u00e8 benvenuto. Contattaci all&#8217;indirizzo info@oew.org e ti indicheremo i gruppi e gli eventi [&hellip;]","og_url":"https:\/\/oew.org\/it\/collaborare\/","og_site_name":"OEW","article_modified_time":"2025-08-01T07:16:53+00:00","og_image":[{"width":1830,"height":985,"url":"https:\/\/oew.org\/wp-content\/uploads\/2022\/09\/Mitmachen-in-OEWc.jpg","type":"image\/jpeg"}],"twitter_card":"summary_large_image","twitter_misc":{"Tempo di lettura stimato":"2 minuti"},"schema":{"@context":"https:\/\/schema.org","@graph":[{"@type":"WebPage","@id":"https:\/\/oew.org\/it\/collaborare\/","url":"https:\/\/oew.org\/it\/collaborare\/","name":"Collaborare - OEW","isPartOf":{"@id":"https:\/\/oew.org\/it\/#website"},"primaryImageOfPage":{"@id":"https:\/\/oew.org\/it\/collaborare\/#primaryimage"},"image":{"@id":"https:\/\/oew.org\/it\/collaborare\/#primaryimage"},"thumbnailUrl":"https:\/\/oew.org\/wp-content\/uploads\/2022\/09\/Mitmachen-in-OEWc.jpg","datePublished":"2022-07-19T15:11:11+00:00","dateModified":"2025-08-01T07:16:53+00:00","breadcrumb":{"@id":"https:\/\/oew.org\/it\/collaborare\/#breadcrumb"},"inLanguage":"it-IT","potentialAction":[{"@type":"ReadAction","target":["https:\/\/oew.org\/it\/collaborare\/"]}]},{"@type":"ImageObject","inLanguage":"it-IT","@id":"https:\/\/oew.org\/it\/collaborare\/#primaryimage","url":"https:\/\/oew.org\/wp-content\/uploads\/2022\/09\/Mitmachen-in-OEWc.jpg","contentUrl":"https:\/\/oew.org\/wp-content\/uploads\/2022\/09\/Mitmachen-in-OEWc.jpg","width":1830,"height":985},{"@type":"BreadcrumbList","@id":"https:\/\/oew.org\/it\/collaborare\/#breadcrumb","itemListElement":[{"@type":"ListItem","position":1,"name":"Home","item":"https:\/\/oew.org\/it\/"},{"@type":"ListItem","position":2,"name":"Collaborare"}]},{"@type":"WebSite","@id":"https:\/\/oew.org\/it\/#website","url":"https:\/\/oew.org\/it\/","name":"OEW","description":"Organisation f\u00fcr Eine solidarische Welt","publisher":{"@id":"https:\/\/oew.org\/it\/#organization"},"potentialAction":[{"@type":"SearchAction","target":{"@type":"EntryPoint","urlTemplate":"https:\/\/oew.org\/it\/?s={search_term_string}"},"query-input":{"@type":"PropertyValueSpecification","valueRequired":true,"valueName":"search_term_string"}}],"inLanguage":"it-IT"},{"@type":"Organization","@id":"https:\/\/oew.org\/it\/#organization","name":"OEW","url":"https:\/\/oew.org\/it\/","logo":{"@type":"ImageObject","inLanguage":"it-IT","@id":"https:\/\/oew.org\/it\/#\/schema\/logo\/image\/","url":"https:\/\/oew.org\/wp-content\/uploads\/2022\/07\/Logo-OEW-frei.jpg","contentUrl":"https:\/\/oew.org\/wp-content\/uploads\/2022\/07\/Logo-OEW-frei.jpg","width":780,"height":248,"caption":"OEW"},"image":{"@id":"https:\/\/oew.org\/it\/#\/schema\/logo\/image\/"}}]}},"_links":{"self":[{"href":"https:\/\/oew.org\/it\/wp-json\/wp\/v2\/pages\/7213","targetHints":{"allow":["GET"]}}],"collection":[{"href":"https:\/\/oew.org\/it\/wp-json\/wp\/v2\/pages"}],"about":[{"href":"https:\/\/oew.org\/it\/wp-json\/wp\/v2\/types\/page"}],"author":[{"embeddable":true,"href":"https:\/\/oew.org\/it\/wp-json\/wp\/v2\/users\/1"}],"replies":[{"embeddable":true,"href":"https:\/\/oew.org\/it\/wp-json\/wp\/v2\/comments?post=7213"}],"version-history":[{"count":31,"href":"https:\/\/oew.org\/it\/wp-json\/wp\/v2\/pages\/7213\/revisions"}],"predecessor-version":[{"id":14893,"href":"https:\/\/oew.org\/it\/wp-json\/wp\/v2\/pages\/7213\/revisions\/14893"}],"wp:featuredmedia":[{"embeddable":true,"href":"https:\/\/oew.org\/it\/wp-json\/wp\/v2\/media\/6504"}],"wp:attachment":[{"href":"https:\/\/oew.org\/it\/wp-json\/wp\/v2\/media?parent=7213"}],"curies":[{"name":"wp","href":"https:\/\/api.w.org\/{rel}","templated":true}]}}